{"id":25,"date":"2026-02-20T13:01:51","date_gmt":"2026-02-20T16:01:51","guid":{"rendered":"http:\/\/sgsi.promadomain.proma.locale\/?page_id=25"},"modified":"2026-03-02T16:52:06","modified_gmt":"2026-03-02T19:52:06","slug":"bien-venido","status":"publish","type":"page","link":"https:\/\/sgsi.promagrouplatam.com\/index.php\/bien-venido\/","title":{"rendered":"Bienvenido"},"content":{"rendered":"\n<p>Bienvenido al Portal SGSI del Grupo Proma &#8211; LATAM.<br>Aqu\u00ed protegemos la informaci\u00f3n, fortalecemos la confianza y construimos juntos una cultura s\u00f3lida de Seguridad y Protecci\u00f3n de Datos.<\/p>\n\n\n\n<figure class=\"wp-block-image size-large\"><img loading=\"lazy\" decoding=\"async\" width=\"1024\" height=\"683\" src=\"http:\/\/sgsi.promadomain.proma.locale\/wp-content\/uploads\/2026\/02\/SGSI_ARG-1024x683.png\" alt=\"\" class=\"wp-image-15\" srcset=\"https:\/\/sgsi.promagrouplatam.com\/wp-content\/uploads\/2026\/02\/SGSI_ARG-1024x683.png 1024w, https:\/\/sgsi.promagrouplatam.com\/wp-content\/uploads\/2026\/02\/SGSI_ARG-300x200.png 300w, https:\/\/sgsi.promagrouplatam.com\/wp-content\/uploads\/2026\/02\/SGSI_ARG-768x512.png 768w, https:\/\/sgsi.promagrouplatam.com\/wp-content\/uploads\/2026\/02\/SGSI_ARG.png 1536w\" sizes=\"auto, (max-width: 1024px) 100vw, 1024px\" \/><\/figure>\n\n\n\n<p><\/p>\n\n\n\n<p>Nuestra Pol\u00edtica de Seguridad de la Informaci\u00f3n.<\/p>\n\n\n\n\n\n<div class=\"wp-block-buttons is-layout-flex wp-block-buttons-is-layout-flex\">\n<div class=\"wp-block-button\"><a class=\"wp-block-button__link wp-element-button\" href=\"https:\/\/sgsi.promagrouplatam.com\/wp-content\/uploads\/2026\/03\/POL-SGSI-001_Politica-Seguridad-Informacion-ES.pdf\">Download<\/a><\/div>\n<\/div>\n\n\n\n<p><\/p>\n","protected":false},"excerpt":{"rendered":"<p>Bienvenido al Portal SGSI del Grupo Proma &#8211; LATAM.Aqu\u00ed protegemos la informaci\u00f3n, fortalecemos la confianza y construimos juntos una cultura s\u00f3lida de Seguridad y Protecci\u00f3n de Datos. Nuestra Pol\u00edtica de Seguridad de la Informaci\u00f3n.<\/p>\n","protected":false},"author":1,"featured_media":0,"parent":0,"menu_order":0,"comment_status":"closed","ping_status":"closed","template":"","meta":{"footnotes":""},"class_list":["post-25","page","type-page","status-publish","hentry"],"_links":{"self":[{"href":"https:\/\/sgsi.promagrouplatam.com\/index.php\/wp-json\/wp\/v2\/pages\/25","targetHints":{"allow":["GET"]}}],"collection":[{"href":"https:\/\/sgsi.promagrouplatam.com\/index.php\/wp-json\/wp\/v2\/pages"}],"about":[{"href":"https:\/\/sgsi.promagrouplatam.com\/index.php\/wp-json\/wp\/v2\/types\/page"}],"author":[{"embeddable":true,"href":"https:\/\/sgsi.promagrouplatam.com\/index.php\/wp-json\/wp\/v2\/users\/1"}],"replies":[{"embeddable":true,"href":"https:\/\/sgsi.promagrouplatam.com\/index.php\/wp-json\/wp\/v2\/comments?post=25"}],"version-history":[{"count":5,"href":"https:\/\/sgsi.promagrouplatam.com\/index.php\/wp-json\/wp\/v2\/pages\/25\/revisions"}],"predecessor-version":[{"id":68,"href":"https:\/\/sgsi.promagrouplatam.com\/index.php\/wp-json\/wp\/v2\/pages\/25\/revisions\/68"}],"wp:attachment":[{"href":"https:\/\/sgsi.promagrouplatam.com\/index.php\/wp-json\/wp\/v2\/media?parent=25"}],"curies":[{"name":"wp","href":"https:\/\/api.w.org\/{rel}","templated":true}]}}