{"id":82,"date":"2026-02-20T12:34:21","date_gmt":"2026-02-20T15:34:21","guid":{"rendered":"https:\/\/sgsi.promagrouplatam.com\/?page_id=82"},"modified":"2026-04-07T19:58:47","modified_gmt":"2026-04-07T22:58:47","slug":"pessoas-2-2","status":"publish","type":"page","link":"https:\/\/sgsi.promagrouplatam.com\/index.php\/pessoas-2-2\/","title":{"rendered":"BemVindo"},"content":{"rendered":"\n<p>Bem-vindo(a) ao Portal SGSI do Grupo Proma &#8211; LATAM.<br>Aqui, protegemos informa\u00e7\u00f5es, fortalecemos a confian\u00e7a e constru\u00edmos juntos uma cultura s\u00f3lida de Seguran\u00e7a e Prote\u00e7\u00e3o de Dados.<\/p>\n\n\n\n<figure class=\"wp-block-image size-large\"><img loading=\"lazy\" decoding=\"async\" width=\"1024\" height=\"683\" src=\"http:\/\/sgsi.promadomain.proma.locale\/wp-content\/uploads\/2026\/02\/SGSI_BRZ-1024x683.png\" alt=\"\" class=\"wp-image-16\" srcset=\"https:\/\/sgsi.promagrouplatam.com\/wp-content\/uploads\/2026\/02\/SGSI_BRZ-1024x683.png 1024w, https:\/\/sgsi.promagrouplatam.com\/wp-content\/uploads\/2026\/02\/SGSI_BRZ-300x200.png 300w, https:\/\/sgsi.promagrouplatam.com\/wp-content\/uploads\/2026\/02\/SGSI_BRZ-768x512.png 768w, https:\/\/sgsi.promagrouplatam.com\/wp-content\/uploads\/2026\/02\/SGSI_BRZ.png 1536w\" sizes=\"auto, (max-width: 1024px) 100vw, 1024px\" \/><\/figure>\n\n\n\n<p><\/p>\n\n\n\n<p><\/p>\n\n\n\n<p>Politica de Seguran\u00e7a da Informa\u00e7\u00e3o do Grupo Proma &#8211; Latam.<\/p>\n\n\n\n<div class=\"wp-block-buttons is-layout-flex wp-block-buttons-is-layout-flex\">\n<div class=\"wp-block-button\"><a class=\"wp-block-button__link wp-element-button\" href=\"https:\/\/sgsi.promagrouplatam.com\/wp-content\/uploads\/2026\/03\/POL-SGSI-001_Politica-Seguranca-Informacao-PTBR.pdf\">Download<\/a><\/div>\n<\/div>\n\n\n\n<p><\/p>\n","protected":false},"excerpt":{"rendered":"<p>Bem-vindo(a) ao Portal SGSI do Grupo Proma &#8211; LATAM.Aqui, protegemos informa\u00e7\u00f5es, fortalecemos a confian\u00e7a e constru\u00edmos juntos uma cultura s\u00f3lida de Seguran\u00e7a e Prote\u00e7\u00e3o de Dados. Politica de Seguran\u00e7a da Informa\u00e7\u00e3o do Grupo Proma &#8211; Latam.<\/p>\n","protected":false},"author":1,"featured_media":0,"parent":0,"menu_order":0,"comment_status":"closed","ping_status":"closed","template":"","meta":{"footnotes":""},"class_list":["post-82","page","type-page","status-publish","hentry"],"_links":{"self":[{"href":"https:\/\/sgsi.promagrouplatam.com\/index.php\/wp-json\/wp\/v2\/pages\/82","targetHints":{"allow":["GET"]}}],"collection":[{"href":"https:\/\/sgsi.promagrouplatam.com\/index.php\/wp-json\/wp\/v2\/pages"}],"about":[{"href":"https:\/\/sgsi.promagrouplatam.com\/index.php\/wp-json\/wp\/v2\/types\/page"}],"author":[{"embeddable":true,"href":"https:\/\/sgsi.promagrouplatam.com\/index.php\/wp-json\/wp\/v2\/users\/1"}],"replies":[{"embeddable":true,"href":"https:\/\/sgsi.promagrouplatam.com\/index.php\/wp-json\/wp\/v2\/comments?post=82"}],"version-history":[{"count":2,"href":"https:\/\/sgsi.promagrouplatam.com\/index.php\/wp-json\/wp\/v2\/pages\/82\/revisions"}],"predecessor-version":[{"id":87,"href":"https:\/\/sgsi.promagrouplatam.com\/index.php\/wp-json\/wp\/v2\/pages\/82\/revisions\/87"}],"wp:attachment":[{"href":"https:\/\/sgsi.promagrouplatam.com\/index.php\/wp-json\/wp\/v2\/media?parent=82"}],"curies":[{"name":"wp","href":"https:\/\/api.w.org\/{rel}","templated":true}]}}